{"id":626,"date":"2012-04-13T20:55:07","date_gmt":"2012-04-13T19:55:07","guid":{"rendered":"https:\/\/www.mtveddesse.de\/?page_id=626"},"modified":"2023-08-22T16:45:19","modified_gmt":"2023-08-22T15:45:19","slug":"turnen_schwimmen","status":"publish","type":"page","link":"https:\/\/www.mtveddesse.de\/?page_id=626","title":{"rendered":"Kinder &#8211; Turnen &#038; Schwimmen"},"content":{"rendered":"<p>Kinderturnen und Schwimmen\u00a0hat\u00a0beim MTV Eddesse eine lange Tradition.<\/p>\n<p>Diese Gruppe gibt es schon \u00fcber 40 Jahre und au\u00dfer den wechselnden Kindern hat sich nicht viel ge\u00e4ndert.<\/p>\n<p>Ca. 35 Jahre hat Rita Wiekenberg die Gruppe geleitet. F\u00fcr ca. 3 Jahre hatte dann\u00a0Brigitte S\u00fc\u00df die Leitung \u00fcbernommen.<\/p>\n<p><strong>Die aktuellen \u00dcbungsleiter:<\/strong><\/p>\n<p>Kinder \u2013 Turnen<br \/>\nAnsprechpartner: Svetlana Kopp<br \/>\nDonnerstags von 16:00 Uhr \u2013 17:00 Uhr Turnen in der alten Halle in Edemissen<\/p>\n<p>Kinder-Schwimmen<br \/>\nAnsprechpartner: Kerstin Tiede<br \/>\nDonnerstags von 17:00 Uhr bis 18:00 Uhr Schwimmen im Lehrschwimmbecken im Schulzentrum<\/p>\n<p>&nbsp;<\/p>\n","protected":false},"excerpt":{"rendered":"<p>Kinderturnen und Schwimmen\u00a0hat\u00a0beim MTV Eddesse eine lange Tradition. Diese Gruppe gibt es schon \u00fcber 40 Jahre und au\u00dfer den wechselnden Kindern hat sich nicht viel ge\u00e4ndert. Ca. 35 Jahre hat Rita Wiekenberg die Gruppe geleitet. F\u00fcr ca. 3 Jahre hatte dann\u00a0Brigitte S\u00fc\u00df die Leitung \u00fcbernommen. Die aktuellen \u00dcbungsleiter: Kinder \u2013 Turnen Ansprechpartner: Svetlana Kopp Donnerstags [&hellip;]<\/p>\n","protected":false},"author":1,"featured_media":0,"parent":133,"menu_order":0,"comment_status":"closed","ping_status":"closed","template":"","meta":{"footnotes":""},"class_list":["post-626","page","type-page","status-publish","hentry"],"_links":{"self":[{"href":"https:\/\/www.mtveddesse.de\/index.php?rest_route=\/wp\/v2\/pages\/626","targetHints":{"allow":["GET"]}}],"collection":[{"href":"https:\/\/www.mtveddesse.de\/index.php?rest_route=\/wp\/v2\/pages"}],"about":[{"href":"https:\/\/www.mtveddesse.de\/index.php?rest_route=\/wp\/v2\/types\/page"}],"author":[{"embeddable":true,"href":"https:\/\/www.mtveddesse.de\/index.php?rest_route=\/wp\/v2\/users\/1"}],"replies":[{"embeddable":true,"href":"https:\/\/www.mtveddesse.de\/index.php?rest_route=%2Fwp%2Fv2%2Fcomments&post=626"}],"version-history":[{"count":9,"href":"https:\/\/www.mtveddesse.de\/index.php?rest_route=\/wp\/v2\/pages\/626\/revisions"}],"predecessor-version":[{"id":48318,"href":"https:\/\/www.mtveddesse.de\/index.php?rest_route=\/wp\/v2\/pages\/626\/revisions\/48318"}],"up":[{"embeddable":true,"href":"https:\/\/www.mtveddesse.de\/index.php?rest_route=\/wp\/v2\/pages\/133"}],"wp:attachment":[{"href":"https:\/\/www.mtveddesse.de\/index.php?rest_route=%2Fwp%2Fv2%2Fmedia&parent=626"}],"curies":[{"name":"wp","href":"https:\/\/api.w.org\/{rel}","templated":true}]}}