{"id":48206,"date":"2022-05-25T03:05:28","date_gmt":"2022-05-25T02:05:28","guid":{"rendered":"https:\/\/www.mtveddesse.de\/?page_id=48206"},"modified":"2023-08-22T16:30:25","modified_gmt":"2023-08-22T15:30:25","slug":"musik-zwerge-und-kinderentspannung","status":"publish","type":"page","link":"https:\/\/www.mtveddesse.de\/?page_id=48206","title":{"rendered":"Musik Zwerge und Kinderentspannung"},"content":{"rendered":"<p>Montag 15.30 Uhr &#8211; 16.30 Uhr<\/p>\n<p>Musik Zwerge 4 &#8211; 7 Jahre<\/p>\n<p>&nbsp;<\/p>\n<p>Montag 16.30 Uhr &#8211; 17.30 Uhr<\/p>\n<p>Kinderentspannung 4 &#8211; 7 Jahre<\/p>\n<p>&nbsp;<\/p>\n<p>Kontakt f\u00fcr alle interessierten Eltern:<\/p>\n<p>\u00dcbungsleiterin Sabrina M\u00fcller, Tel. 0174-9573854<\/p>\n","protected":false},"excerpt":{"rendered":"<p>Montag 15.30 Uhr &#8211; 16.30 Uhr Musik Zwerge 4 &#8211; 7 Jahre &nbsp; Montag 16.30 Uhr &#8211; 17.30 Uhr Kinderentspannung 4 &#8211; 7 Jahre &nbsp; Kontakt f\u00fcr alle interessierten Eltern: \u00dcbungsleiterin Sabrina M\u00fcller, Tel. 0174-9573854<\/p>\n","protected":false},"author":49,"featured_media":0,"parent":626,"menu_order":0,"comment_status":"closed","ping_status":"closed","template":"","meta":{"footnotes":""},"class_list":["post-48206","page","type-page","status-publish","hentry"],"_links":{"self":[{"href":"https:\/\/www.mtveddesse.de\/index.php?rest_route=\/wp\/v2\/pages\/48206","targetHints":{"allow":["GET"]}}],"collection":[{"href":"https:\/\/www.mtveddesse.de\/index.php?rest_route=\/wp\/v2\/pages"}],"about":[{"href":"https:\/\/www.mtveddesse.de\/index.php?rest_route=\/wp\/v2\/types\/page"}],"author":[{"embeddable":true,"href":"https:\/\/www.mtveddesse.de\/index.php?rest_route=\/wp\/v2\/users\/49"}],"replies":[{"embeddable":true,"href":"https:\/\/www.mtveddesse.de\/index.php?rest_route=%2Fwp%2Fv2%2Fcomments&post=48206"}],"version-history":[{"count":3,"href":"https:\/\/www.mtveddesse.de\/index.php?rest_route=\/wp\/v2\/pages\/48206\/revisions"}],"predecessor-version":[{"id":48211,"href":"https:\/\/www.mtveddesse.de\/index.php?rest_route=\/wp\/v2\/pages\/48206\/revisions\/48211"}],"up":[{"embeddable":true,"href":"https:\/\/www.mtveddesse.de\/index.php?rest_route=\/wp\/v2\/pages\/626"}],"wp:attachment":[{"href":"https:\/\/www.mtveddesse.de\/index.php?rest_route=%2Fwp%2Fv2%2Fmedia&parent=48206"}],"curies":[{"name":"wp","href":"https:\/\/api.w.org\/{rel}","templated":true}]}}