{"id":48,"date":"2012-03-27T15:09:45","date_gmt":"2012-03-27T14:09:45","guid":{"rendered":"http:\/\/www.glitza.eu\/?page_id=48"},"modified":"2023-08-22T17:21:05","modified_gmt":"2023-08-22T16:21:05","slug":"impressum-2","status":"publish","type":"page","link":"https:\/\/www.mtveddesse.de\/?page_id=48","title":{"rendered":"Impressum"},"content":{"rendered":"<p>Anbieter und Verantwortlicher f\u00fcr den Inhalt dieser Seite gem\u00e4\u00df \u00a7 5 TMG, \u00a7 55 RStV:<\/p>\n<p><strong>MTV Eddesse, eingetragener Verein seit 1890<\/strong><\/p>\n<address><strong>Preuschoff Frank <\/strong>| Vereinsvorsitzender<\/address>\n<address>Am Harberg 6<br \/>\nD \u2013 31234 Edemissen<\/address>\n<address>\u00a0<\/address>\n<h3>Registereintrag<\/h3>\n<address><strong>Eintragung im Vereinsregister:<\/strong><br \/>\nRegistergericht: Amtsgericht Hildesheim<br \/>\nRegisternummer: VR160052<\/address>\n<address><strong>{VAKANT}<\/strong>\u00a0| Webmaster<\/address>\n<address>\u00a0<\/address>\n<address>\u00a0<\/address>\n<address><strong>Haftung f\u00fcr den Inhalt verlinkter Seiten<\/strong><\/address>\n<p>Auf die Inhalte externer Webseiten, auf die wir von diesen Seiten verlinken, haben wir keinen Einfluss. F\u00fcr die Inhalte der verlinkten Seiten ist stets der jeweilige Anbieter oder Betreiber der Seiten verantwortlich. Wir haben die Seiten zum Zeitpunkt der Verlinkung auf m\u00f6gliche Rechtsverst\u00f6\u00dfe \u00fcberpr\u00fcft. Rechtswidrige Inhalte waren zum Zeitpunkt der Verlinkung nicht erkennbar. Eine permanente inhaltliche Kontrolle ist ohne konkrete Anhaltspunkte einer Rechtsverletzung nicht zumutbar. Werden uns derartige Verst\u00f6\u00dfe bekannt, werden wir derartige Links umgehend entfernen. Bitte informieren Sie uns, wenn Sie Anhaltspunkte f\u00fcr derartige Rechtsverletzungen feststellen.<\/p>\n","protected":false},"excerpt":{"rendered":"<p>Anbieter und Verantwortlicher f\u00fcr den Inhalt dieser Seite gem\u00e4\u00df \u00a7 5 TMG, \u00a7 55 RStV: MTV Eddesse, eingetragener Verein seit 1890 Preuschoff Frank | Vereinsvorsitzender Am Harberg 6 D \u2013 31234 Edemissen \u00a0 Registereintrag Eintragung im Vereinsregister: Registergericht: Amtsgericht Hildesheim Registernummer: VR160052 {VAKANT}\u00a0| Webmaster \u00a0 \u00a0 Haftung f\u00fcr den Inhalt verlinkter Seiten Auf die Inhalte [&hellip;]<\/p>\n","protected":false},"author":1,"featured_media":0,"parent":0,"menu_order":7,"comment_status":"closed","ping_status":"closed","template":"","meta":{"footnotes":""},"class_list":["post-48","page","type-page","status-publish","hentry"],"_links":{"self":[{"href":"https:\/\/www.mtveddesse.de\/index.php?rest_route=\/wp\/v2\/pages\/48","targetHints":{"allow":["GET"]}}],"collection":[{"href":"https:\/\/www.mtveddesse.de\/index.php?rest_route=\/wp\/v2\/pages"}],"about":[{"href":"https:\/\/www.mtveddesse.de\/index.php?rest_route=\/wp\/v2\/types\/page"}],"author":[{"embeddable":true,"href":"https:\/\/www.mtveddesse.de\/index.php?rest_route=\/wp\/v2\/users\/1"}],"replies":[{"embeddable":true,"href":"https:\/\/www.mtveddesse.de\/index.php?rest_route=%2Fwp%2Fv2%2Fcomments&post=48"}],"version-history":[{"count":20,"href":"https:\/\/www.mtveddesse.de\/index.php?rest_route=\/wp\/v2\/pages\/48\/revisions"}],"predecessor-version":[{"id":48324,"href":"https:\/\/www.mtveddesse.de\/index.php?rest_route=\/wp\/v2\/pages\/48\/revisions\/48324"}],"wp:attachment":[{"href":"https:\/\/www.mtveddesse.de\/index.php?rest_route=%2Fwp%2Fv2%2Fmedia&parent=48"}],"curies":[{"name":"wp","href":"https:\/\/api.w.org\/{rel}","templated":true}]}}