{"id":135,"date":"2012-03-29T10:44:31","date_gmt":"2012-03-29T09:44:31","guid":{"rendered":"http:\/\/www.glitza.eu\/?page_id=135"},"modified":"2019-09-04T10:48:02","modified_gmt":"2019-09-04T09:48:02","slug":"fusball","status":"publish","type":"page","link":"https:\/\/www.mtveddesse.de\/?page_id=135","title":{"rendered":"Fu\u00dfball"},"content":{"rendered":"<p><strong>Fu\u00dfball<\/strong> ist eine <a title=\"Ball- und Kugelsportart\" href=\"http:\/\/de.wikipedia.org\/wiki\/Ball-_und_Kugelsportart\">Ballsportart<\/a>, bei der zwei Mannschaften mit dem Ziel gegeneinander antreten, mehr <a title=\"Tor (Fu\u00dfball)\" href=\"http:\/\/de.wikipedia.org\/wiki\/Tor_%28Fu%C3%9Fball%29\">Tore<\/a> als der Gegner zu erzielen und so das Spiel zu gewinnen. Die Spielzeit ist \u00fcblicherweise 2 \u00d7 45 Minuten (exklusive <a title=\"Nachspielzeit\" href=\"http:\/\/de.wikipedia.org\/wiki\/Nachspielzeit\">Nachspielzeit<\/a> und eventuell <a title=\"Verl\u00e4ngerung (Fu\u00dfball)\" href=\"http:\/\/de.wikipedia.org\/wiki\/Verl%C3%A4ngerung_%28Fu%C3%9Fball%29\">Verl\u00e4ngerung<\/a>), jedoch gibt es auch Variationen, bei der die Spielzeit k\u00fcrzer ist. Eine Mannschaft besteht in der Regel aus elf Spielern, wovon ein Spieler der <a title=\"Torwart\" href=\"http:\/\/de.wikipedia.org\/wiki\/Torwart\">Torwart<\/a> ist. Der Ball darf mit dem Fu\u00df und anderen K\u00f6rperteilen gespielt werden, mit Ausnahme der H\u00e4nde und Arme. Nur der Torwart darf den Ball innerhalb des eigenen <a title=\"Strafraum\" href=\"http:\/\/de.wikipedia.org\/wiki\/Strafraum\">Strafraums<\/a> auch mit diesen K\u00f6rperteilen ber\u00fchren.<\/p>\n<p>Fu\u00dfball entstand in der zweiten H\u00e4lfte des 19. Jahrhunderts in <a title=\"Gro\u00dfbritannien (Insel)\" href=\"http:\/\/de.wikipedia.org\/wiki\/Gro%C3%9Fbritannien_%28Insel%29\">Gro\u00dfbritannien<\/a> und breitete sich ab den 1880er und 1890er Jahren in <a title=\"Kontinentaleuropa\" href=\"http:\/\/de.wikipedia.org\/wiki\/Kontinentaleuropa\">Kontinentaleuropa<\/a> und anderen Kontinenten aus und gilt mittlerweile als weltweit beliebteste <a title=\"Mannschaftssport\" href=\"http:\/\/de.wikipedia.org\/wiki\/Mannschaftssport\">Mannschaftssportart<\/a>.<\/p>\n<p>Quelle: <a title=\"Wikipedia (kompletter Artikel)\" href=\"http:\/\/de.wikipedia.org\/wiki\/Fu%C3%9Fball\" target=\"_blank\" rel=\"noopener noreferrer\">Wikipedia (kompletter Artikel)<\/a><\/p>\n","protected":false},"excerpt":{"rendered":"<p>Fu\u00dfball ist eine Ballsportart, bei der zwei Mannschaften mit dem Ziel gegeneinander antreten, mehr Tore als der Gegner zu erzielen und so das Spiel zu gewinnen. Die Spielzeit ist \u00fcblicherweise 2 \u00d7 45 Minuten (exklusive Nachspielzeit und eventuell Verl\u00e4ngerung), jedoch gibt es auch Variationen, bei der die Spielzeit k\u00fcrzer ist. Eine Mannschaft besteht in der [&hellip;]<\/p>\n","protected":false},"author":1,"featured_media":0,"parent":133,"menu_order":0,"comment_status":"closed","ping_status":"closed","template":"","meta":{"footnotes":""},"class_list":["post-135","page","type-page","status-publish","hentry"],"_links":{"self":[{"href":"https:\/\/www.mtveddesse.de\/index.php?rest_route=\/wp\/v2\/pages\/135","targetHints":{"allow":["GET"]}}],"collection":[{"href":"https:\/\/www.mtveddesse.de\/index.php?rest_route=\/wp\/v2\/pages"}],"about":[{"href":"https:\/\/www.mtveddesse.de\/index.php?rest_route=\/wp\/v2\/types\/page"}],"author":[{"embeddable":true,"href":"https:\/\/www.mtveddesse.de\/index.php?rest_route=\/wp\/v2\/users\/1"}],"replies":[{"embeddable":true,"href":"https:\/\/www.mtveddesse.de\/index.php?rest_route=%2Fwp%2Fv2%2Fcomments&post=135"}],"version-history":[{"count":6,"href":"https:\/\/www.mtveddesse.de\/index.php?rest_route=\/wp\/v2\/pages\/135\/revisions"}],"predecessor-version":[{"id":142,"href":"https:\/\/www.mtveddesse.de\/index.php?rest_route=\/wp\/v2\/pages\/135\/revisions\/142"}],"up":[{"embeddable":true,"href":"https:\/\/www.mtveddesse.de\/index.php?rest_route=\/wp\/v2\/pages\/133"}],"wp:attachment":[{"href":"https:\/\/www.mtveddesse.de\/index.php?rest_route=%2Fwp%2Fv2%2Fmedia&parent=135"}],"curies":[{"name":"wp","href":"https:\/\/api.w.org\/{rel}","templated":true}]}}