{"id":1258,"date":"2017-03-07T22:37:23","date_gmt":"2017-03-07T21:37:23","guid":{"rendered":"https:\/\/www.mtveddesse.de\/?page_id=1258"},"modified":"2024-06-15T11:08:26","modified_gmt":"2024-06-15T10:08:26","slug":"damen-gymnastik-2","status":"publish","type":"page","link":"https:\/\/www.mtveddesse.de\/?page_id=1258","title":{"rendered":"Damen Gymnastik"},"content":{"rendered":"<p>Unsere Damengymnastik &#8211; Gruppe trifft sich jeden Dienstag um 18 Uhr im DGH Eddesse<\/p>\n<p>Wir sind sehr aktiv und schauen auch \u00fcber den Tellerrand, so waren wir schon Eisstockschie\u00dfen am Eixer See<\/p>\n<p><a href=\"https:\/\/www.mtveddesse.de\/wp-content\/uploads\/2024\/06\/a3d36bd1-9e8e-47b9-9f50-c2e67b4852f2.jpg\"><img loading=\"lazy\" decoding=\"async\" class=\"wp-image-48357 aligncenter\" src=\"https:\/\/www.mtveddesse.de\/wp-content\/uploads\/2024\/06\/a3d36bd1-9e8e-47b9-9f50-c2e67b4852f2-300x300.jpg\" alt=\"\" width=\"266\" height=\"266\" srcset=\"https:\/\/www.mtveddesse.de\/wp-content\/uploads\/2024\/06\/a3d36bd1-9e8e-47b9-9f50-c2e67b4852f2-300x300.jpg 300w, https:\/\/www.mtveddesse.de\/wp-content\/uploads\/2024\/06\/a3d36bd1-9e8e-47b9-9f50-c2e67b4852f2-1024x1024.jpg 1024w, https:\/\/www.mtveddesse.de\/wp-content\/uploads\/2024\/06\/a3d36bd1-9e8e-47b9-9f50-c2e67b4852f2-150x150.jpg 150w, https:\/\/www.mtveddesse.de\/wp-content\/uploads\/2024\/06\/a3d36bd1-9e8e-47b9-9f50-c2e67b4852f2-768x768.jpg 768w, https:\/\/www.mtveddesse.de\/wp-content\/uploads\/2024\/06\/a3d36bd1-9e8e-47b9-9f50-c2e67b4852f2-1536x1536.jpg 1536w, https:\/\/www.mtveddesse.de\/wp-content\/uploads\/2024\/06\/a3d36bd1-9e8e-47b9-9f50-c2e67b4852f2.jpg 2048w\" sizes=\"auto, (max-width: 266px) 100vw, 266px\" \/><\/a><\/p>\n<p>und haben zur Faschingszeit in bunten Kost\u00fcmen geturnt.<\/p>\n<p><a href=\"https:\/\/www.mtveddesse.de\/wp-content\/uploads\/2024\/06\/PHOTO-2024-02-13-21-22-38-4.jpg\"><img loading=\"lazy\" decoding=\"async\" class=\"wp-image-48356 alignleft\" src=\"https:\/\/www.mtveddesse.de\/wp-content\/uploads\/2024\/06\/PHOTO-2024-02-13-21-22-38-4-300x146.jpg\" alt=\"\" width=\"325\" height=\"158\" srcset=\"https:\/\/www.mtveddesse.de\/wp-content\/uploads\/2024\/06\/PHOTO-2024-02-13-21-22-38-4-300x146.jpg 300w, https:\/\/www.mtveddesse.de\/wp-content\/uploads\/2024\/06\/PHOTO-2024-02-13-21-22-38-4-1024x499.jpg 1024w, https:\/\/www.mtveddesse.de\/wp-content\/uploads\/2024\/06\/PHOTO-2024-02-13-21-22-38-4-768x374.jpg 768w, https:\/\/www.mtveddesse.de\/wp-content\/uploads\/2024\/06\/PHOTO-2024-02-13-21-22-38-4-1536x749.jpg 1536w, https:\/\/www.mtveddesse.de\/wp-content\/uploads\/2024\/06\/PHOTO-2024-02-13-21-22-38-4.jpg 1600w\" sizes=\"auto, (max-width: 325px) 100vw, 325px\" \/><\/a> <a href=\"https:\/\/www.mtveddesse.de\/wp-content\/uploads\/2024\/06\/PHOTO-2024-02-13-21-33-16.jpg\"><img loading=\"lazy\" decoding=\"async\" class=\"alignnone size-medium wp-image-48355\" src=\"https:\/\/www.mtveddesse.de\/wp-content\/uploads\/2024\/06\/PHOTO-2024-02-13-21-33-16-225x300.jpg\" alt=\"\" width=\"225\" height=\"300\" srcset=\"https:\/\/www.mtveddesse.de\/wp-content\/uploads\/2024\/06\/PHOTO-2024-02-13-21-33-16-225x300.jpg 225w, https:\/\/www.mtveddesse.de\/wp-content\/uploads\/2024\/06\/PHOTO-2024-02-13-21-33-16-768x1024.jpg 768w, https:\/\/www.mtveddesse.de\/wp-content\/uploads\/2024\/06\/PHOTO-2024-02-13-21-33-16-1152x1536.jpg 1152w, https:\/\/www.mtveddesse.de\/wp-content\/uploads\/2024\/06\/PHOTO-2024-02-13-21-33-16.jpg 1200w\" sizes=\"auto, (max-width: 225px) 100vw, 225px\" \/><\/a><\/p>\n<p>Im Sommer, wenn die Temperaturen in der Halle zu warm werden, wird auch mal eine Fahrradtour gemacht. Oftmals ist dann eine Eisdiele das erkl\u00e4rte Ziel.<\/p>\n<p>Alternativ k\u00f6nnte auch eine Walkingrunde durch den Berk\u00f6pen auf dem Programm stehen.<\/p>\n<p>Interessierte sind jederzeit zum Schnuppern willkommen.<\/p>\n","protected":false},"excerpt":{"rendered":"<p>Unsere Damengymnastik &#8211; Gruppe trifft sich jeden Dienstag um 18 Uhr im DGH Eddesse Wir sind sehr aktiv und schauen auch \u00fcber den Tellerrand, so waren wir schon Eisstockschie\u00dfen am Eixer See und haben zur Faschingszeit in bunten Kost\u00fcmen geturnt. Im Sommer, wenn die Temperaturen in der Halle zu warm werden, wird auch mal eine [&hellip;]<\/p>\n","protected":false},"author":10,"featured_media":0,"parent":569,"menu_order":0,"comment_status":"closed","ping_status":"closed","template":"","meta":{"footnotes":""},"class_list":["post-1258","page","type-page","status-publish","hentry"],"_links":{"self":[{"href":"https:\/\/www.mtveddesse.de\/index.php?rest_route=\/wp\/v2\/pages\/1258","targetHints":{"allow":["GET"]}}],"collection":[{"href":"https:\/\/www.mtveddesse.de\/index.php?rest_route=\/wp\/v2\/pages"}],"about":[{"href":"https:\/\/www.mtveddesse.de\/index.php?rest_route=\/wp\/v2\/types\/page"}],"author":[{"embeddable":true,"href":"https:\/\/www.mtveddesse.de\/index.php?rest_route=\/wp\/v2\/users\/10"}],"replies":[{"embeddable":true,"href":"https:\/\/www.mtveddesse.de\/index.php?rest_route=%2Fwp%2Fv2%2Fcomments&post=1258"}],"version-history":[{"count":10,"href":"https:\/\/www.mtveddesse.de\/index.php?rest_route=\/wp\/v2\/pages\/1258\/revisions"}],"predecessor-version":[{"id":48363,"href":"https:\/\/www.mtveddesse.de\/index.php?rest_route=\/wp\/v2\/pages\/1258\/revisions\/48363"}],"up":[{"embeddable":true,"href":"https:\/\/www.mtveddesse.de\/index.php?rest_route=\/wp\/v2\/pages\/569"}],"wp:attachment":[{"href":"https:\/\/www.mtveddesse.de\/index.php?rest_route=%2Fwp%2Fv2%2Fmedia&parent=1258"}],"curies":[{"name":"wp","href":"https:\/\/api.w.org\/{rel}","templated":true}]}}